{"id":4654,"date":"2024-02-19T16:39:54","date_gmt":"2024-02-19T15:39:54","guid":{"rendered":"https:\/\/swiss-ability.org\/wie-wir-arbeiten\/"},"modified":"2025-05-08T10:51:43","modified_gmt":"2025-05-08T08:51:43","slug":"wie-wir-arbeiten","status":"publish","type":"page","link":"https:\/\/swiss-ability.org\/de\/was-wir-tun\/wie-wir-arbeiten\/","title":{"rendered":"Wie wir arbeiten"},"content":{"rendered":"<p>[et_pb_section fb_built=&#187;1&#8243; disabled_on=&#187;on|on|on&#187; admin_label=&#187;Header&#187; _builder_version=&#187;4.18.0&#8243; _module_preset=&#187;default&#187; background_image=&#187;https:\/\/swiss-ability.org\/wp-content\/uploads\/2022\/10\/header_piantagione_africa.jpg&#187; module_alignment=&#187;left&#187; min_height=&#187;450px&#187; min_height_tablet=&#187;200px&#187; min_height_phone=&#187;150px&#187; min_height_last_edited=&#187;on|phone&#187; custom_padding=&#187;||54px|||&#187; disabled=&#187;on&#187; collapsed=&#187;on&#187; global_colors_info=&#187;{}&#187;][\/et_pb_section][et_pb_section fb_built=&#187;1&#8243; disabled_on=&#187;off|off|off&#187; admin_label=&#187;Header&#187; _builder_version=&#187;4.22.1&#8243; _module_preset=&#187;default&#187; background_image=&#187;https:\/\/swiss-ability.org\/wp-content\/uploads\/2023\/09\/15.png&#187; module_alignment=&#187;left&#187; min_height=&#187;450px&#187; min_height_tablet=&#187;200px&#187; min_height_phone=&#187;150px&#187; min_height_last_edited=&#187;on|phone&#187; collapsed=&#187;on&#187; global_colors_info=&#187;{}&#187;][\/et_pb_section][et_pb_section fb_built=&#187;1&#8243; admin_label=&#187;INTRO&#187; _builder_version=&#187;4.18.0&#8243; _module_preset=&#187;default&#187; background_color=&#187;rgba(0,0,0,0.05)&#187; custom_padding=&#187;63px|||||&#187; locked=&#187;off&#187; collapsed=&#187;on&#187; global_colors_info=&#187;{}&#187;][et_pb_row _builder_version=&#187;4.18.0&#8243; _module_preset=&#187;default&#187; global_colors_info=&#187;{}&#187;][et_pb_column type=&#187;4_4&#8243; _builder_version=&#187;4.18.0&#8243; _module_preset=&#187;default&#187; global_colors_info=&#187;{}&#187;][et_pb_text _builder_version=&#187;4.19.0&#8243; _module_preset=&#187;default&#187; header_text_align=&#187;center&#187; header_text_color=&#187;#000000&#8243; header_line_height=&#187;1.3em&#187; custom_padding=&#187;0px||0px||true|false&#187; header_font_size_tablet=&#187;30px&#187; header_font_size_phone=&#187;30px&#187; header_font_size_last_edited=&#187;on|tablet&#187; global_colors_info=&#187;{}&#187;]<\/p>\n<h1>WIE WIR ARBEITEN<\/h1>\n<p>[\/et_pb_text][et_pb_image src=&#187;https:\/\/swiss-ability.org\/wp-content\/uploads\/2022\/10\/trattini_3_colori-01.svg&#187; title_text=&#187;trattini_3_colori-01&#8243; align=&#187;center&#187; _builder_version=&#187;4.18.0&#8243; _module_preset=&#187;default&#187; width=&#187;300px&#187; global_colors_info=&#187;{}&#187;][\/et_pb_image][et_pb_text _builder_version=&#187;4.19.0&#8243; _module_preset=&#187;default&#187; text_font=&#187;|300|||||||&#187; text_font_size=&#187;25px&#187; text_line_height=&#187;1.8em&#187; text_orientation=&#187;center&#187; custom_padding=&#187;40px||40px||true|false&#187; global_colors_info=&#187;{}&#187;]<\/p>\n<p>Wir arbeiten durch die F\u00f6rderung von Partnerschaften und die Einhaltung der Grunds\u00e4tze der <strong>Humanit\u00e4t<\/strong>, der <strong>Neutralit\u00e4t<\/strong> und der <strong>Unparteilichkeit<\/strong>. Wir stellen den Menschen in den Mittelpunkt und lassen uns von Experten leiten und beraten.<\/p>\n<p>[\/et_pb_text][\/et_pb_column][\/et_pb_row][\/et_pb_section][et_pb_section fb_built=&#187;1&#8243; admin_label=&#187;MENU INTERNO&#187; _builder_version=&#187;4.18.0&#8243; _module_preset=&#187;default&#187; background_color=&#187;#FFFFFF&#187; custom_margin=&#187;0px||0px||false|false&#187; custom_padding=&#187;0px||0px||false|false&#187; sticky_position=&#187;top&#187; box_shadow_style=&#187;preset1&#8243; box_shadow_color=&#187;rgba(0,0,0,0.06)&#187; locked=&#187;off&#187; collapsed=&#187;on&#187; global_colors_info=&#187;{}&#187;][et_pb_row module_class=&#187;pa-inline-buttons&#187; _builder_version=&#187;4.18.0&#8243; _module_preset=&#187;default&#187; module_alignment=&#187;center&#187; custom_padding=&#187;0px||0px||true|false&#187; global_colors_info=&#187;{}&#187;][et_pb_column type=&#187;4_4&#8243; _builder_version=&#187;4.18.0&#8243; _module_preset=&#187;default&#187; global_colors_info=&#187;{}&#187;][et_pb_text _builder_version=&#187;4.27.4&#8243; _module_preset=&#187;default&#187; text_font_size=&#187;14px&#187; link_text_color=&#187;rgba(0,0,0,0.6)&#187; text_orientation=&#187;center&#187; custom_padding=&#187;2px||0px||false|false&#187; hover_enabled=&#187;0&#8243; global_colors_info=&#187;{}&#187; link_text_color__hover_enabled=&#187;on|desktop&#187; link_text_color__hover=&#187;#000000&#8243; sticky_enabled=&#187;0&#8243;]<\/p>\n<p><a href=\"#Strategie\">STRATEGIE<\/a>&nbsp; |&nbsp; <a href=\"#Grunds\u00e4tze\">GRUNDS\u00c4TZE<\/a><\/p>\n<p>[\/et_pb_text][\/et_pb_column][\/et_pb_row][\/et_pb_section][et_pb_section fb_built=&#187;1&#8243; admin_label=&#187;STRATEGIA&#187; module_id=&#187;Strategie&#187; _builder_version=&#187;4.18.0&#8243; _module_preset=&#187;default&#187; background_enable_color=&#187;off&#187; custom_padding=&#187;63px|||||&#187; locked=&#187;off&#187; collapsed=&#187;on&#187; global_colors_info=&#187;{}&#187;][et_pb_row _builder_version=&#187;4.18.0&#8243; _module_preset=&#187;default&#187; global_colors_info=&#187;{}&#187;][et_pb_column type=&#187;4_4&#8243; _builder_version=&#187;4.18.0&#8243; _module_preset=&#187;default&#187; global_colors_info=&#187;{}&#187;][et_pb_text _builder_version=&#187;4.19.0&#8243; _module_preset=&#187;default&#187; header_text_align=&#187;center&#187; header_text_color=&#187;#000000&#8243; header_line_height=&#187;1.3em&#187; header_2_font=&#187;|||on|||||&#187; header_2_text_align=&#187;center&#187; header_2_font_size=&#187;40px&#187; custom_padding=&#187;0px||0px||true|false&#187; header_2_font_size_tablet=&#187;30px&#187; header_2_font_size_phone=&#187;30px&#187; header_2_font_size_last_edited=&#187;on|tablet&#187; global_colors_info=&#187;{}&#187;]<\/p>\n<h2>Unsere Strategie<\/h2>\n<p>[\/et_pb_text][et_pb_image src=&#187;https:\/\/swiss-ability.org\/wp-content\/uploads\/2022\/10\/trattini_3_colori-01.svg&#187; title_text=&#187;trattini_3_colori-01&#8243; align=&#187;center&#187; _builder_version=&#187;4.18.0&#8243; _module_preset=&#187;default&#187; width=&#187;300px&#187; global_colors_info=&#187;{}&#187;][\/et_pb_image][et_pb_text _builder_version=&#187;4.19.0&#8243; _module_preset=&#187;default&#187; text_font=&#187;|300|||||||&#187; text_font_size=&#187;25px&#187; text_line_height=&#187;1.8em&#187; text_orientation=&#187;center&#187; custom_padding=&#187;20px||20px||true|false&#187; global_colors_info=&#187;{}&#187;]<\/p>\n<p>Unsere Arbeitsstrategie basiert auf der <strong>Zusammenarbeit<\/strong>. Ein bekanntes afrikanisches Sprichwort sagt: &#171;<em>Wenn du schnell gehen willst, geh allein. Wenn du <strong>weit<\/strong> gehen willst, geht <strong>zusammen<\/strong><\/em>&#171;.<\/p>\n<p>Wir bringen unsere <strong>Spender<\/strong> mit den tats\u00e4chlichen <strong>Bed\u00fcrfnissen<\/strong> vor Ort in Verbindung und arbeiten mit Institutionen und Partnern im In- und Ausland zusammen. Wir schaffen <strong>Synergien zwischen dem globalen Norden und den globalen S\u00fcden<\/strong> zum Nutzen unserer <strong>Beg\u00fcnstigten<\/strong>.<\/p>\n<p>Wir <strong>glauben<\/strong>, dass unsere Arbeit gerade deshalb so erfolgreich ist, weil wir Ressourcen, F\u00e4higkeiten und Zeit <strong>miteinander teilen<\/strong>.<\/p>\n<p>[\/et_pb_text][\/et_pb_column][\/et_pb_row][\/et_pb_section][et_pb_section fb_built=&#187;1&#8243; admin_label=&#187;PRINCIPI&#187; module_id=&#187;Grunds\u00e4tze&#187; _builder_version=&#187;4.18.0&#8243; _module_preset=&#187;default&#187; background_color=&#187;#eaeaea&#187; custom_padding=&#187;63px|||||&#187; locked=&#187;off&#187; collapsed=&#187;on&#187; global_colors_info=&#187;{}&#187;][et_pb_row _builder_version=&#187;4.18.0&#8243; _module_preset=&#187;default&#187; width_tablet=&#187;&#187; width_phone=&#187;&#187; width_last_edited=&#187;on|phone&#187; global_colors_info=&#187;{}&#187;][et_pb_column type=&#187;4_4&#8243; _builder_version=&#187;4.18.0&#8243; _module_preset=&#187;default&#187; global_colors_info=&#187;{}&#187;][et_pb_text _builder_version=&#187;4.18.0&#8243; _module_preset=&#187;default&#187; header_text_align=&#187;center&#187; header_text_color=&#187;#000000&#8243; header_line_height=&#187;1.3em&#187; header_2_font=&#187;|||on|||||&#187; header_2_text_align=&#187;center&#187; header_2_font_size=&#187;40px&#187; custom_padding=&#187;0px||0px||true|false&#187; header_2_font_size_tablet=&#187;30px&#187; header_2_font_size_phone=&#187;30px&#187; header_2_font_size_last_edited=&#187;on|tablet&#187; global_colors_info=&#187;{}&#187;]<\/p>\n<h2>Unsere Grunds\u00e4tze<\/h2>\n<p>[\/et_pb_text][et_pb_image src=&#187;https:\/\/swiss-ability.org\/wp-content\/uploads\/2022\/10\/trattini_3_colori-01.svg&#187; title_text=&#187;trattini_3_colori-01&#8243; align=&#187;center&#187; _builder_version=&#187;4.18.0&#8243; _module_preset=&#187;default&#187; width=&#187;300px&#187; global_colors_info=&#187;{}&#187;][\/et_pb_image][et_pb_text _builder_version=&#187;4.19.0&#8243; _module_preset=&#187;default&#187; text_font=&#187;|300|||||||&#187; text_font_size=&#187;25px&#187; text_line_height=&#187;1.8em&#187; text_orientation=&#187;center&#187; custom_padding=&#187;20px||20px||true|false&#187; global_colors_info=&#187;{}&#187;]<strong>Humanit\u00e4t, Neutralit\u00e4t und Unparteilichkeit: <\/strong>SwissABILITY vertritt in allen L\u00e4ndern, in denen es t\u00e4tig ist, eine neutrale Position. <strong>W\u00fcrde und Respekt der Person:<\/strong> Jeder Mensch hat das Recht, geh\u00f6rt, betreut, gesch\u00fctzt und ausgebildet zu werden. Dar\u00fcber hinaus hat jeder Mensch das Recht, die gleichen Chancen zu haben um sein Potenzial voll auszusch\u00f6pfen, unabh\u00e4ngig von seinem sozialen und kulturellen Hintergrund, seiner ethnischen Zugeh\u00f6rigkeit, seinem Alter, seinem Geschlecht, seinen politischen und religi\u00f6sen Ansichten.[\/et_pb_text][et_pb_text _builder_version=&#187;4.18.0&#8243; _module_preset=&#187;default&#187; text_font=&#187;|700||on|||||&#187; text_font_size=&#187;25px&#187; text_line_height=&#187;1.8em&#187; text_orientation=&#187;center&#187; custom_padding=&#187;40px||0px||false|false&#187; text_font_size_tablet=&#187;25px&#187; text_font_size_phone=&#187;25px&#187; text_font_size_last_edited=&#187;on|phone&#187; global_colors_info=&#187;{}&#187;]<\/p>\n<p>Insbesondere<\/p>\n<p>[\/et_pb_text][et_pb_text _builder_version=&#187;4.19.0&#8243; _module_preset=&#187;default&#187; text_font=&#187;|300|||||||&#187; text_font_size=&#187;25px&#187; text_line_height=&#187;1.8em&#187; ul_line_height=&#187;1.4em&#187; background_color=&#187;#FFFFFF&#187; width=&#187;100%&#187; module_alignment=&#187;center&#187; custom_margin=&#187;||||false|true&#187; custom_padding=&#187;70px|60px|70px|60px|true|true&#187; custom_padding_tablet=&#187;70px|60px|70px|60px|true|true&#187; custom_padding_phone=&#187;36px|15px|36px|15px|true|true&#187; custom_padding_last_edited=&#187;on|phone&#187; ul_font_size_tablet=&#187;&#187; ul_font_size_phone=&#187;17px&#187; ul_font_size_last_edited=&#187;on|phone&#187; global_colors_info=&#187;{}&#187;]<\/p>\n<ul>\n<li>Wir arbeiten partnerschaftlich auf der Grundlage gemeinsamer Werte und st\u00e4rken unsere Partner in ihrer Eigenst\u00e4ndigkeit.<\/li>\n<li>Wir erstellen unsere Programme in Partnerschaft mit den Beg\u00fcnstigten, auf innovative und nachhaltige Weise.<\/li>\n<li>Wir lege Wert auf den lokalen Kontext und bem\u00fchen uns, neutrale Situationen zu schaffen, um den Frieden und den interkulturellen Dialog selbst in den fragilsten Situationen zu f\u00f6rdern.<\/li>\n<li>Wir arbeiten mit der Zivilgesellschaft, lokalen und nationalen Regierungen und dem Privatsektor zusammen und f\u00f6rdern den Austausch von Ressourcen und Fachwissen zwischen den Parteien.<\/li>\n<li>Wir f\u00f6rdern die Transparenz und die verantwortungsvolle Verwaltung von Programmen im lokalen Kontext, einschlie\u00dflich der Korruptionsbek\u00e4mpfung.<\/li>\n<li>Wir arbeiten effizient und ergebnisorientiert, mit einem offenen Ansatz f\u00fcr die Ver\u00e4nderungen und das Lernen.<\/li>\n<li>Wir glauben an die pers\u00f6nliche und berufliche Entwicklung aller an unseren Programmen beteiligten Personen: Mitarbeiter, Freiwillige und Partner.<\/li>\n<\/ul>\n<p>[\/et_pb_text][\/et_pb_column][\/et_pb_row][\/et_pb_section]<\/p>\n","protected":false},"excerpt":{"rendered":"<p>WIE WIR ARBEITENWir arbeiten durch die F\u00f6rderung von Partnerschaften und die Einhaltung der Grunds\u00e4tze der Humanit\u00e4t, der Neutralit\u00e4t und der Unparteilichkeit. Wir stellen den Menschen in den Mittelpunkt und lassen uns von Experten leiten und beraten.STRATEGIE&nbsp; |&nbsp; GRUNDS\u00c4TZEUnsere StrategieUnsere Arbeitsstrategie basiert auf der Zusammenarbeit. Ein bekanntes afrikanisches Sprichwort sagt: &#171;Wenn du schnell gehen willst, geh [&hellip;]<\/p>\n","protected":false},"author":1,"featured_media":0,"parent":4659,"menu_order":210,"comment_status":"closed","ping_status":"closed","template":"","meta":{"_acf_changed":false,"_et_pb_use_builder":"on","_et_pb_old_content":"","_et_gb_content_width":"","footnotes":""},"class_list":["post-4654","page","type-page","status-publish","hentry"],"acf":[],"_links":{"self":[{"href":"https:\/\/swiss-ability.org\/de\/wp-json\/wp\/v2\/pages\/4654","targetHints":{"allow":["GET"]}}],"collection":[{"href":"https:\/\/swiss-ability.org\/de\/wp-json\/wp\/v2\/pages"}],"about":[{"href":"https:\/\/swiss-ability.org\/de\/wp-json\/wp\/v2\/types\/page"}],"author":[{"embeddable":true,"href":"https:\/\/swiss-ability.org\/de\/wp-json\/wp\/v2\/users\/1"}],"replies":[{"embeddable":true,"href":"https:\/\/swiss-ability.org\/de\/wp-json\/wp\/v2\/comments?post=4654"}],"version-history":[{"count":5,"href":"https:\/\/swiss-ability.org\/de\/wp-json\/wp\/v2\/pages\/4654\/revisions"}],"predecessor-version":[{"id":7521,"href":"https:\/\/swiss-ability.org\/de\/wp-json\/wp\/v2\/pages\/4654\/revisions\/7521"}],"up":[{"embeddable":true,"href":"https:\/\/swiss-ability.org\/de\/wp-json\/wp\/v2\/pages\/4659"}],"wp:attachment":[{"href":"https:\/\/swiss-ability.org\/de\/wp-json\/wp\/v2\/media?parent=4654"}],"curies":[{"name":"wp","href":"https:\/\/api.w.org\/{rel}","templated":true}]}}